{"id":2,"date":"2012-10-20T10:08:54","date_gmt":"2012-10-20T08:08:54","guid":{"rendered":"http:\/\/www.germanwarbowsociety.de\/?page_id=2"},"modified":"2017-09-30T12:35:58","modified_gmt":"2017-09-30T10:35:58","slug":"sample-page","status":"publish","type":"page","link":"http:\/\/www.germanwarbowsociety.de\/","title":{"rendered":"30.09.2017 &#8211; Der letzte Tag der GWBS"},"content":{"rendered":"<p>Hallo miteinander,<\/p>\n<p>im Fr\u00fchsommer 2017 haben sich die amtierenden Vorstandsmitglieder der GWBS offiziell f\u00fcr amtsm\u00fcde erkl\u00e4rt. Durch Wahlen im Laufe des Sommers sollte ein neuer Vorstand gefunden werden, um die Gesch\u00e4fte der GWBS zum 01.10.2017 zu \u00fcbernehmen und den seit 6 Jahren amtierenden Vorstand abzul\u00f6sen.<\/p>\n<p>Dazu ist es leider nicht gekommen. Am Ende einer 4-w\u00f6chigen Vorschlagsphase, der bereits Gespr\u00e4che im Vorfeld vorausgegangen waren, gab es keine m\u00f6gliche Konstellation f\u00fcr einen neuen Vorstand der GWBS.<\/p>\n<p>Da eine Society ohne Vorstand per definitionem nicht existieren kann, kommt bzw. kam dies dem Ende der IG GWBS zum 4 .Quartal 2017 gleich.<\/p>\n<p>Wir bedauern sehr, dass es nicht m\u00f6glich war, die Gesch\u00e4fte der GWBS an ein neues Leitungsteam zu \u00fcbergeben. Trotzdem w\u00fcnschen wir allen ehemalig aktiven Mitgliedern und weiteren Interessierten auch \u00fcber die GWBS hinaus viel Freude am (Kriegs)bogenschie\u00dfen. Auch wenn offensichtlich keine Basis f\u00fcr einen organisierten Bund existiert soll nat\u00fcrlich auch ohne diesen Rahmen weiter geschossen werden! Hoffentlich sehen wir uns wieder &#8211; auf vielen Veranstaltungen in der Zukunft!<\/p>\n<p>Alles Gute,<br \/>\nClemens, Roy, Heiner<\/p>\n<p>&nbsp;<\/p>\n<p>&nbsp;<\/p>\n","protected":false},"excerpt":{"rendered":"<p>Hallo miteinander, im Fr\u00fchsommer 2017 haben sich die amtierenden Vorstandsmitglieder der GWBS offiziell f\u00fcr amtsm\u00fcde erkl\u00e4rt. Durch Wahlen im Laufe des Sommers sollte ein neuer Vorstand gefunden werden, um die Gesch\u00e4fte der GWBS zum 01.10.2017 zu \u00fcbernehmen und den seit &hellip; <a href=\"http:\/\/www.germanwarbowsociety.de\/\">Weiterlesen <span class=\"meta-nav\">&rarr;<\/span><\/a><\/p>\n","protected":false},"author":1,"featured_media":0,"parent":0,"menu_order":0,"comment_status":"closed","ping_status":"closed","template":"","meta":{"_links_to":"","_links_to_target":""},"_links":{"self":[{"href":"http:\/\/www.germanwarbowsociety.de\/index.php?rest_route=\/wp\/v2\/pages\/2"}],"collection":[{"href":"http:\/\/www.germanwarbowsociety.de\/index.php?rest_route=\/wp\/v2\/pages"}],"about":[{"href":"http:\/\/www.germanwarbowsociety.de\/index.php?rest_route=\/wp\/v2\/types\/page"}],"author":[{"embeddable":true,"href":"http:\/\/www.germanwarbowsociety.de\/index.php?rest_route=\/wp\/v2\/users\/1"}],"replies":[{"embeddable":true,"href":"http:\/\/www.germanwarbowsociety.de\/index.php?rest_route=%2Fwp%2Fv2%2Fcomments&post=2"}],"version-history":[{"count":17,"href":"http:\/\/www.germanwarbowsociety.de\/index.php?rest_route=\/wp\/v2\/pages\/2\/revisions"}],"predecessor-version":[{"id":149,"href":"http:\/\/www.germanwarbowsociety.de\/index.php?rest_route=\/wp\/v2\/pages\/2\/revisions\/149"}],"wp:attachment":[{"href":"http:\/\/www.germanwarbowsociety.de\/index.php?rest_route=%2Fwp%2Fv2%2Fmedia&parent=2"}],"curies":[{"name":"wp","href":"https:\/\/api.w.org\/{rel}","templated":true}]}}